{"id":5,"date":"2020-05-20T10:55:38","date_gmt":"2020-05-20T07:55:38","guid":{"rendered":"http:\/\/77.240.19.29\/~tahtikuljettafi\/?page_id=5"},"modified":"2026-03-22T21:27:54","modified_gmt":"2026-03-22T19:27:54","slug":"etusivu","status":"publish","type":"page","link":"https:\/\/tahtikuljettajat.fi\/sv\/","title":{"rendered":"Framsida"},"content":{"rendered":"<p class=\"has-medium-font-size\"><br><strong>V\u00e4lkommen till Uudenmaan T\u00e4htikuljettajat Oy:s hemsida!<\/strong><\/p>\n\n\n\n<p>Uudenmaan T\u00e4htikuljettajat Oy producerar en p\u00e5litlig och punktlig skolskjutstj\u00e4nst i hela Borg\u00e5 och p\u00e5 n\u00e5gra rutter i Askola. V\u00e5rt f\u00f6retag \u00e4r grundat i mars 2018 och i dagens l\u00e4ge representerar vi ca. 20 f\u00f6retag. P\u00e5 skolornas arbetsdagar har vi ca. 50 bilar i trafik. <br>L\u00e4s mer p\u00e5 sidan <a href=\"https:\/\/tahtikuljettajat.fi\/sv\/meista\/\">Om oss<\/a>.<\/p>\n\n\n\n<figure class=\"wp-block-image size-full\"><img loading=\"lazy\" decoding=\"async\" width=\"209\" height=\"300\" src=\"https:\/\/tahtikuljettajat.fi\/wp-content\/uploads\/2023\/02\/PL_LOGO_Uudenmaan_Tahtikuljettajat_Oy_FI_425436_web.jpg\" alt=\"\" class=\"wp-image-700\" srcset=\"https:\/\/tahtikuljettajat.fi\/wp-content\/uploads\/2023\/02\/PL_LOGO_Uudenmaan_Tahtikuljettajat_Oy_FI_425436_web.jpg 209w, https:\/\/tahtikuljettajat.fi\/wp-content\/uploads\/2023\/02\/PL_LOGO_Uudenmaan_Tahtikuljettajat_Oy_FI_425436_web-8x12.jpg 8w\" sizes=\"auto, (max-width: 209px) 100vw, 209px\" \/><\/figure>\n\n\n\n<br><a href=\"https:\/\/zeckit.com\/selvitys\/FI\/2905038-6?section=quickcheck\" target=\"_blank\" rel=\"noreferrer noopener\"><img loading=\"lazy\" decoding=\"async\" width=\"842\" height=\"396\" src=\"https:\/\/tahtikuljettajat.fi\/wp-content\/uploads\/2022\/06\/LK_valkoinen_rgb.jpg\" alt=\"\" class=\"wp-image-677\" style=\"width:295px\" srcset=\"https:\/\/tahtikuljettajat.fi\/wp-content\/uploads\/2022\/06\/LK_valkoinen_rgb.jpg 842w, https:\/\/tahtikuljettajat.fi\/wp-content\/uploads\/2022\/06\/LK_valkoinen_rgb-300x141.jpg 300w, https:\/\/tahtikuljettajat.fi\/wp-content\/uploads\/2022\/06\/LK_valkoinen_rgb-768x361.jpg 768w, https:\/\/tahtikuljettajat.fi\/wp-content\/uploads\/2022\/06\/LK_valkoinen_rgb-18x8.jpg 18w\" sizes=\"auto, (max-width: 842px) 100vw, 842px\" \/><\/a>\n\n\n\n<div class=\"wp-block-file aligncenter\"><a id=\"wp-block-file--media-b0cc4c90-b46d-4fe8-8cc0-6b2ecc7ce2a5\" href=\"https:\/\/tahtikuljettajat.fi\/wp-content\/uploads\/2020\/06\/TIETOSUOJASELOSTE.pdf\">REGISTER- OCH DATASKYDDSBESKRIVNING<\/a><a href=\"https:\/\/tahtikuljettajat.fi\/wp-content\/uploads\/2020\/06\/TIETOSUOJASELOSTE.pdf\" class=\"wp-block-file__button wp-element-button\" download aria-describedby=\"wp-block-file--media-b0cc4c90-b46d-4fe8-8cc0-6b2ecc7ce2a5\">Lataa<\/a><\/div>","protected":false},"excerpt":{"rendered":"<p>Tervetuloa Uudenmaan T\u00e4htikuljettajat Oy:n sivuille! Uudenmaan T\u00e4htikuljettajat Oy tuottaa sek\u00e4 luotettavaa ett\u00e4 t\u00e4sm\u00e4llist\u00e4 koulukuljetuspalvelua koko Porvoon alueella sek\u00e4 muutamalla reitill\u00e4 Askolassa. Olemme aloittaneet toimintamme maaliskuussa 2018 ja t\u00e4ll\u00e4 hetkell\u00e4 edustamme noin 20 yrityst\u00e4. Koulujen ty\u00f6p\u00e4ivin\u00e4 meill\u00e4 on liikenteess\u00e4 noin 50 autoa. Lue lis\u00e4\u00e4 Meist\u00e4-sivulta.<\/p>","protected":false},"author":4,"featured_media":0,"parent":0,"menu_order":0,"comment_status":"closed","ping_status":"closed","template":"","meta":{"footnotes":""},"class_list":["post-5","page","type-page","status-publish","hentry"],"_links":{"self":[{"href":"https:\/\/tahtikuljettajat.fi\/sv\/wp-json\/wp\/v2\/pages\/5","targetHints":{"allow":["GET"]}}],"collection":[{"href":"https:\/\/tahtikuljettajat.fi\/sv\/wp-json\/wp\/v2\/pages"}],"about":[{"href":"https:\/\/tahtikuljettajat.fi\/sv\/wp-json\/wp\/v2\/types\/page"}],"author":[{"embeddable":true,"href":"https:\/\/tahtikuljettajat.fi\/sv\/wp-json\/wp\/v2\/users\/4"}],"replies":[{"embeddable":true,"href":"https:\/\/tahtikuljettajat.fi\/sv\/wp-json\/wp\/v2\/comments?post=5"}],"version-history":[{"count":80,"href":"https:\/\/tahtikuljettajat.fi\/sv\/wp-json\/wp\/v2\/pages\/5\/revisions"}],"predecessor-version":[{"id":959,"href":"https:\/\/tahtikuljettajat.fi\/sv\/wp-json\/wp\/v2\/pages\/5\/revisions\/959"}],"wp:attachment":[{"href":"https:\/\/tahtikuljettajat.fi\/sv\/wp-json\/wp\/v2\/media?parent=5"}],"curies":[{"name":"wp","href":"https:\/\/api.w.org\/{rel}","templated":true}]}}